{"id":24,"date":"2021-02-13T14:23:21","date_gmt":"2021-02-13T14:23:21","guid":{"rendered":"http:\/\/davidandrews.education\/?page_id=24"},"modified":"2021-08-25T08:41:50","modified_gmt":"2021-08-25T08:41:50","slug":"kontakt","status":"publish","type":"page","link":"http:\/\/davidandrews.education\/de\/kontakt\/","title":{"rendered":"Kontakt"},"content":{"rendered":"\n<p>Diese Website wird privat betrieben von:<\/p>\n\n\n\n<p>Mag. David Andrews<br>8010 Graz, \u00d6sterreich<br><a href=\"mailto:david@davidandrews.education\">david@davidandrews.education<\/a><\/p>\n\n\n\n<h2 class=\"wp-block-heading\">Zweck und Richtung der Seite<\/h2>\n\n\n\n<p>Diese Website ist nicht kommerziell orientiert und reflektiert nur meine pers\u00f6nliche Meinung.<\/p>\n\n\n\n<h2 class=\"wp-block-heading\">Privatsph\u00e4re<\/h2>\n\n\n\n<p>Eingestellt sind die Standard Einstellungen der Web-Software&nbsp;<a href=\"http:\/\/www.wordpress.org\/\">WordPress<\/a>, des Statistik Tools <a href=\"https:\/\/awstats.sourceforge.io\/\" data-type=\"URL\" data-id=\"https:\/\/awstats.sourceforge.io\/\">Awstats<\/a>, sowie meines Hosting Providers <a href=\"https:\/\/www.easyname.at\/de\" data-type=\"URL\" data-id=\"https:\/\/www.easyname.at\/de\">easyname<\/a>. Deren Privatsph\u00e4re-Konventionen k\u00f6nnen \u00fcber die respektiven Websiten abgerufen werden. Diese Services verwenden Cookies, um Statistiken zu sammeln und die User-Experience zu verbessern.<\/p>\n","protected":false},"excerpt":{"rendered":"<p>Diese Website wird privat betrieben von: Mag. David Andrews8010 Graz, \u00d6sterreichdavid@davidandrews.education Zweck und Richtung der Seite Diese Website ist nicht kommerziell orientiert und reflektiert nur&#8230;<\/p>\n<div class=\"more-link-wrapper\"><a class=\"more-link\" href=\"http:\/\/davidandrews.education\/de\/kontakt\/\">Weiterlesen<span class=\"screen-reader-text\">Kontakt<\/span><\/a><\/div>\n","protected":false},"author":1,"featured_media":0,"parent":0,"menu_order":1,"comment_status":"closed","ping_status":"closed","template":"","meta":{"footnotes":""},"class_list":["post-24","page","type-page","status-publish","hentry","entry"],"_links":{"self":[{"href":"http:\/\/davidandrews.education\/de\/wp-json\/wp\/v2\/pages\/24","targetHints":{"allow":["GET"]}}],"collection":[{"href":"http:\/\/davidandrews.education\/de\/wp-json\/wp\/v2\/pages"}],"about":[{"href":"http:\/\/davidandrews.education\/de\/wp-json\/wp\/v2\/types\/page"}],"author":[{"embeddable":true,"href":"http:\/\/davidandrews.education\/de\/wp-json\/wp\/v2\/users\/1"}],"replies":[{"embeddable":true,"href":"http:\/\/davidandrews.education\/de\/wp-json\/wp\/v2\/comments?post=24"}],"version-history":[{"count":8,"href":"http:\/\/davidandrews.education\/de\/wp-json\/wp\/v2\/pages\/24\/revisions"}],"predecessor-version":[{"id":136,"href":"http:\/\/davidandrews.education\/de\/wp-json\/wp\/v2\/pages\/24\/revisions\/136"}],"wp:attachment":[{"href":"http:\/\/davidandrews.education\/de\/wp-json\/wp\/v2\/media?parent=24"}],"curies":[{"name":"wp","href":"https:\/\/api.w.org\/{rel}","templated":true}]}}